{"id":1551,"date":"2024-02-29T12:51:51","date_gmt":"2024-02-29T12:51:51","guid":{"rendered":"https:\/\/satiscoll.com\/impressao\/"},"modified":"2026-01-29T11:25:27","modified_gmt":"2026-01-29T11:25:27","slug":"impressao","status":"publish","type":"page","link":"https:\/\/satiscoll.com\/pt-pt\/impressao\/","title":{"rendered":"Aviso legal"},"content":{"rendered":"\t\t<div data-elementor-type=\"wp-page\" data-elementor-id=\"1551\" class=\"elementor elementor-1551 elementor-91\" data-elementor-post-type=\"page\">\n\t\t\t\t<div class=\"elementor-element elementor-element-cd0c562 e-flex e-con-boxed e-con e-parent\" data-id=\"cd0c562\" data-element_type=\"container\" data-e-type=\"container\">\n\t\t\t\t\t<div class=\"e-con-inner\">\n\t\t\t\t<div class=\"elementor-element elementor-element-cad72db elementor-widget elementor-widget-text-editor\" data-id=\"cad72db\" data-element_type=\"widget\" data-e-type=\"widget\" data-widget_type=\"text-editor.default\">\n\t\t\t\t<div class=\"elementor-widget-container\">\n\t\t\t\t\t\t\t\t\t<p data-start=\"56\" data-end=\"123\"><strong data-start=\"56\" data-end=\"123\">Informa\u00e7\u00f5es de acordo com o \u00a7 5 da Lei Alem\u00e3 de Telemedia (TMG)<\/strong><\/p><p data-start=\"125\" data-end=\"181\"><strong data-start=\"125\" data-end=\"145\">Viscofan DE GmbH<\/strong><br data-start=\"145\" data-end=\"148\" \/>Badeniastra\u00dfe 13<br data-start=\"164\" data-end=\"167\" \/>69469 Weinheim<\/p><p data-start=\"183\" data-end=\"265\"><strong data-start=\"183\" data-end=\"206\">Registro Comercial:<\/strong> HRB707554<br data-start=\"216\" data-end=\"219\" \/><strong data-start=\"219\" data-end=\"244\">Tribunal de Registro:<\/strong> Amtsgericht Mannheim<\/p><p data-start=\"267\" data-end=\"303\"><strong data-start=\"267\" data-end=\"288\">Representada por:<\/strong><br data-start=\"288\" data-end=\"291\" \/>Andrej Filip<\/p><p data-start=\"305\" data-end=\"316\"><strong data-start=\"305\" data-end=\"316\">Contato<\/strong><\/p><p data-start=\"318\" data-end=\"385\"><strong data-start=\"318\" data-end=\"331\">Telefone:<\/strong> +49 6201 865 01<br data-start=\"347\" data-end=\"350\" \/><strong data-start=\"350\" data-end=\"361\">E-mail:<\/strong> <a class=\"decorated-link cursor-pointer\" rel=\"noopener\" data-start=\"362\" data-end=\"385\">contact@collinstant.com<\/a><\/p><p data-start=\"387\" data-end=\"400\"><strong data-start=\"387\" data-end=\"400\">ID de IVA<\/strong><\/p><p data-start=\"402\" data-end=\"522\"><strong data-start=\"402\" data-end=\"508\">N\u00famero de identifica\u00e7\u00e3o do imposto sobre vendas de acordo com o \u00a7 27 a da Lei do Imposto sobre Vendas:<\/strong><br data-start=\"508\" data-end=\"511\" \/>DE815101886<\/p><p data-start=\"524\" data-end=\"613\"><strong data-start=\"524\" data-end=\"613\">Procedimentos de resolu\u00e7\u00e3o de lit\u00edgios perante um \u00f3rg\u00e3o de arbitragem de consumidores<\/strong><\/p><p data-start=\"615\" data-end=\"757\"><strong data-start=\"615\" data-end=\"757\">N\u00e3o estamos dispostos nem obrigados a participar de procedimentos de resolu\u00e7\u00e3o de lit\u00edgios perante um \u00f3rg\u00e3o de arbitragem de consumidores.<\/strong><\/p><p data-start=\"759\" data-end=\"782\"><strong data-start=\"759\" data-end=\"782\">Licen\u00e7as de imagens<\/strong><\/p><p data-start=\"784\" data-end=\"912\"><strong data-start=\"784\" data-end=\"912\">shutterstock.com \u2013 Conceito de gravidez ou dieta, m\u00e3os femininas protegendo o est\u00f4mago sobre um fundo natural \u2013 por rangizzz<\/strong><\/p>\t\t\t\t\t\t\t\t<\/div>\n\t\t\t\t<\/div>\n\t\t\t\t\t<\/div>\n\t\t\t\t<\/div>\n\t\t\t\t<\/div>\n\t\t","protected":false},"excerpt":{"rendered":"<p>Informa\u00e7\u00f5es de acordo com o \u00a7 5 da Lei Alem\u00e3 de Telemedia (TMG) Viscofan DE GmbHBadeniastra\u00dfe 1369469 Weinheim Registro Comercial: HRB707554Tribunal de Registro: Amtsgericht Mannheim Representada por:Andrej Filip Contato Telefone: +49 6201 865 01E-mail: contact@collinstant.com ID de IVA N\u00famero de identifica\u00e7\u00e3o do imposto sobre vendas de acordo com o \u00a7 27 a da Lei do [&hellip;]<\/p>\n","protected":false},"author":1,"featured_media":0,"parent":0,"menu_order":0,"comment_status":"closed","ping_status":"closed","template":"","meta":{"footnotes":""},"class_list":["post-1551","page","type-page","status-publish","hentry"],"yoast_head":"<!-- This site is optimized with the Yoast SEO plugin v27.4 - https:\/\/yoast.com\/product\/yoast-seo-wordpress\/ -->\n<title>Aviso legal - SatisColl\u00ae<\/title>\n<meta name=\"robots\" content=\"index, follow, max-snippet:-1, max-image-preview:large, max-video-preview:-1\" \/>\n<link rel=\"canonical\" href=\"https:\/\/satiscoll.com\/pt-pt\/impressao\/\" \/>\n<meta property=\"og:locale\" content=\"pt_PT\" \/>\n<meta property=\"og:type\" content=\"article\" \/>\n<meta property=\"og:title\" content=\"Aviso legal - SatisColl\u00ae\" \/>\n<meta property=\"og:description\" content=\"Informa\u00e7\u00f5es de acordo com o \u00a7 5 da Lei Alem\u00e3 de Telemedia (TMG) Viscofan DE GmbHBadeniastra\u00dfe 1369469 Weinheim Registro Comercial: HRB707554Tribunal de Registro: Amtsgericht Mannheim Representada por:Andrej Filip Contato Telefone: +49 6201 865 01E-mail: contact@collinstant.com ID de IVA N\u00famero de identifica\u00e7\u00e3o do imposto sobre vendas de acordo com o \u00a7 27 a da Lei do [&hellip;]\" \/>\n<meta property=\"og:url\" content=\"https:\/\/satiscoll.com\/pt-pt\/impressao\/\" \/>\n<meta property=\"og:site_name\" content=\"SatisColl\u00ae\" \/>\n<meta property=\"article:modified_time\" content=\"2026-01-29T11:25:27+00:00\" \/>\n<meta name=\"twitter:card\" content=\"summary_large_image\" \/>\n<meta name=\"twitter:label1\" content=\"Tempo estimado de leitura\" \/>\n\t<meta name=\"twitter:data1\" content=\"1 minuto\" \/>\n<script type=\"application\/ld+json\" class=\"yoast-schema-graph\">{\"@context\":\"https:\\\/\\\/schema.org\",\"@graph\":[{\"@type\":\"WebPage\",\"@id\":\"https:\\\/\\\/satiscoll.com\\\/pt-pt\\\/impressao\\\/\",\"url\":\"https:\\\/\\\/satiscoll.com\\\/pt-pt\\\/impressao\\\/\",\"name\":\"Aviso legal - SatisColl\u00ae\",\"isPartOf\":{\"@id\":\"https:\\\/\\\/satiscoll.com\\\/#website\"},\"datePublished\":\"2024-02-29T12:51:51+00:00\",\"dateModified\":\"2026-01-29T11:25:27+00:00\",\"breadcrumb\":{\"@id\":\"https:\\\/\\\/satiscoll.com\\\/pt-pt\\\/impressao\\\/#breadcrumb\"},\"inLanguage\":\"pt-PT\",\"potentialAction\":[{\"@type\":\"ReadAction\",\"target\":[\"https:\\\/\\\/satiscoll.com\\\/pt-pt\\\/impressao\\\/\"]}]},{\"@type\":\"BreadcrumbList\",\"@id\":\"https:\\\/\\\/satiscoll.com\\\/pt-pt\\\/impressao\\\/#breadcrumb\",\"itemListElement\":[{\"@type\":\"ListItem\",\"position\":1,\"name\":\"Startseite\",\"item\":\"https:\\\/\\\/satiscoll.com\\\/pt-pt\\\/\"},{\"@type\":\"ListItem\",\"position\":2,\"name\":\"Aviso legal\"}]},{\"@type\":\"WebSite\",\"@id\":\"https:\\\/\\\/satiscoll.com\\\/#website\",\"url\":\"https:\\\/\\\/satiscoll.com\\\/\",\"name\":\"SatisColl\u00ae\",\"description\":\"The safety collagen formula\",\"publisher\":{\"@id\":\"https:\\\/\\\/satiscoll.com\\\/#organization\"},\"potentialAction\":[{\"@type\":\"SearchAction\",\"target\":{\"@type\":\"EntryPoint\",\"urlTemplate\":\"https:\\\/\\\/satiscoll.com\\\/?s={search_term_string}\"},\"query-input\":{\"@type\":\"PropertyValueSpecification\",\"valueRequired\":true,\"valueName\":\"search_term_string\"}}],\"inLanguage\":\"pt-PT\"},{\"@type\":\"Organization\",\"@id\":\"https:\\\/\\\/satiscoll.com\\\/#organization\",\"name\":\"SatisColl\u00ae\",\"url\":\"https:\\\/\\\/satiscoll.com\\\/\",\"logo\":{\"@type\":\"ImageObject\",\"inLanguage\":\"pt-PT\",\"@id\":\"https:\\\/\\\/satiscoll.com\\\/#\\\/schema\\\/logo\\\/image\\\/\",\"url\":\"https:\\\/\\\/satiscoll.com\\\/wp-content\\\/uploads\\\/2024\\\/05\\\/Viscofan_satisCOLL_Logo.png\",\"contentUrl\":\"https:\\\/\\\/satiscoll.com\\\/wp-content\\\/uploads\\\/2024\\\/05\\\/Viscofan_satisCOLL_Logo.png\",\"width\":2377,\"height\":830,\"caption\":\"SatisColl\u00ae\"},\"image\":{\"@id\":\"https:\\\/\\\/satiscoll.com\\\/#\\\/schema\\\/logo\\\/image\\\/\"}}]}<\/script>\n<!-- \/ Yoast SEO plugin. -->","yoast_head_json":{"title":"Aviso legal - SatisColl\u00ae","robots":{"index":"index","follow":"follow","max-snippet":"max-snippet:-1","max-image-preview":"max-image-preview:large","max-video-preview":"max-video-preview:-1"},"canonical":"https:\/\/satiscoll.com\/pt-pt\/impressao\/","og_locale":"pt_PT","og_type":"article","og_title":"Aviso legal - SatisColl\u00ae","og_description":"Informa\u00e7\u00f5es de acordo com o \u00a7 5 da Lei Alem\u00e3 de Telemedia (TMG) Viscofan DE GmbHBadeniastra\u00dfe 1369469 Weinheim Registro Comercial: HRB707554Tribunal de Registro: Amtsgericht Mannheim Representada por:Andrej Filip Contato Telefone: +49 6201 865 01E-mail: contact@collinstant.com ID de IVA N\u00famero de identifica\u00e7\u00e3o do imposto sobre vendas de acordo com o \u00a7 27 a da Lei do [&hellip;]","og_url":"https:\/\/satiscoll.com\/pt-pt\/impressao\/","og_site_name":"SatisColl\u00ae","article_modified_time":"2026-01-29T11:25:27+00:00","twitter_card":"summary_large_image","twitter_misc":{"Tempo estimado de leitura":"1 minuto"},"schema":{"@context":"https:\/\/schema.org","@graph":[{"@type":"WebPage","@id":"https:\/\/satiscoll.com\/pt-pt\/impressao\/","url":"https:\/\/satiscoll.com\/pt-pt\/impressao\/","name":"Aviso legal - SatisColl\u00ae","isPartOf":{"@id":"https:\/\/satiscoll.com\/#website"},"datePublished":"2024-02-29T12:51:51+00:00","dateModified":"2026-01-29T11:25:27+00:00","breadcrumb":{"@id":"https:\/\/satiscoll.com\/pt-pt\/impressao\/#breadcrumb"},"inLanguage":"pt-PT","potentialAction":[{"@type":"ReadAction","target":["https:\/\/satiscoll.com\/pt-pt\/impressao\/"]}]},{"@type":"BreadcrumbList","@id":"https:\/\/satiscoll.com\/pt-pt\/impressao\/#breadcrumb","itemListElement":[{"@type":"ListItem","position":1,"name":"Startseite","item":"https:\/\/satiscoll.com\/pt-pt\/"},{"@type":"ListItem","position":2,"name":"Aviso legal"}]},{"@type":"WebSite","@id":"https:\/\/satiscoll.com\/#website","url":"https:\/\/satiscoll.com\/","name":"SatisColl\u00ae","description":"The safety collagen formula","publisher":{"@id":"https:\/\/satiscoll.com\/#organization"},"potentialAction":[{"@type":"SearchAction","target":{"@type":"EntryPoint","urlTemplate":"https:\/\/satiscoll.com\/?s={search_term_string}"},"query-input":{"@type":"PropertyValueSpecification","valueRequired":true,"valueName":"search_term_string"}}],"inLanguage":"pt-PT"},{"@type":"Organization","@id":"https:\/\/satiscoll.com\/#organization","name":"SatisColl\u00ae","url":"https:\/\/satiscoll.com\/","logo":{"@type":"ImageObject","inLanguage":"pt-PT","@id":"https:\/\/satiscoll.com\/#\/schema\/logo\/image\/","url":"https:\/\/satiscoll.com\/wp-content\/uploads\/2024\/05\/Viscofan_satisCOLL_Logo.png","contentUrl":"https:\/\/satiscoll.com\/wp-content\/uploads\/2024\/05\/Viscofan_satisCOLL_Logo.png","width":2377,"height":830,"caption":"SatisColl\u00ae"},"image":{"@id":"https:\/\/satiscoll.com\/#\/schema\/logo\/image\/"}}]}},"_links":{"self":[{"href":"https:\/\/satiscoll.com\/pt-pt\/wp-json\/wp\/v2\/pages\/1551","targetHints":{"allow":["GET"]}}],"collection":[{"href":"https:\/\/satiscoll.com\/pt-pt\/wp-json\/wp\/v2\/pages"}],"about":[{"href":"https:\/\/satiscoll.com\/pt-pt\/wp-json\/wp\/v2\/types\/page"}],"author":[{"embeddable":true,"href":"https:\/\/satiscoll.com\/pt-pt\/wp-json\/wp\/v2\/users\/1"}],"replies":[{"embeddable":true,"href":"https:\/\/satiscoll.com\/pt-pt\/wp-json\/wp\/v2\/comments?post=1551"}],"version-history":[{"count":5,"href":"https:\/\/satiscoll.com\/pt-pt\/wp-json\/wp\/v2\/pages\/1551\/revisions"}],"predecessor-version":[{"id":1561,"href":"https:\/\/satiscoll.com\/pt-pt\/wp-json\/wp\/v2\/pages\/1551\/revisions\/1561"}],"wp:attachment":[{"href":"https:\/\/satiscoll.com\/pt-pt\/wp-json\/wp\/v2\/media?parent=1551"}],"curies":[{"name":"wp","href":"https:\/\/api.w.org\/{rel}","templated":true}]}}